{"id":2898,"date":"2021-11-18T09:10:49","date_gmt":"2021-11-18T07:10:49","guid":{"rendered":"https:\/\/old.prodator.cz\/domains\/old.prodator.cz\/?page_id=2898"},"modified":"2024-06-17T10:34:11","modified_gmt":"2024-06-17T08:34:11","slug":"ebook","status":"publish","type":"page","link":"https:\/\/old.prodator.cz\/domains\/old.prodator.cz\/ebook\/","title":{"rendered":"Ebook"},"content":{"rendered":"\t\t<div data-elementor-type=\"wp-page\" data-elementor-id=\"2898\" class=\"elementor elementor-2898\" data-elementor-post-type=\"page\">\n\t\t\t\t\t\t<section class=\"elementor-section elementor-top-section elementor-element elementor-element-0e51b39 elementor-section-height-full elementor-reverse-mobile elementor-section-boxed elementor-section-height-default elementor-section-items-middle\" data-id=\"0e51b39\" data-element_type=\"section\">\n\t\t\t\t\t\t<div class=\"elementor-container elementor-column-gap-default\">\n\t\t\t\t\t<div class=\"elementor-column elementor-col-50 elementor-top-column elementor-element elementor-element-1a9f0aa\" data-id=\"1a9f0aa\" data-element_type=\"column\">\n\t\t\t<div class=\"elementor-widget-wrap elementor-element-populated\">\n\t\t\t\t\t\t<div class=\"elementor-element elementor-element-6db7e45 elementor-widget elementor-widget-image\" data-id=\"6db7e45\" data-element_type=\"widget\" data-widget_type=\"image.default\">\n\t\t\t\t<div class=\"elementor-widget-container\">\n\t\t\t\t\t\t\t\t\t\t\t\t\t\t\t<img fetchpriority=\"high\" decoding=\"async\" width=\"600\" height=\"815\" src=\"https:\/\/old.prodator.cz\/domains\/old.prodator.cz\/wp-content\/uploads\/2021\/11\/ebook-vizualizace033-1.jpg\" class=\"attachment-full size-full wp-image-3348\" alt=\"\" srcset=\"https:\/\/old.prodator.cz\/domains\/old.prodator.cz\/wp-content\/uploads\/2021\/11\/ebook-vizualizace033-1.jpg 600w, https:\/\/old.prodator.cz\/domains\/old.prodator.cz\/wp-content\/uploads\/2021\/11\/ebook-vizualizace033-1-221x300.jpg 221w\" sizes=\"(max-width: 600px) 100vw, 600px\" \/>\t\t\t\t\t\t\t\t\t\t\t\t\t\t\t<\/div>\n\t\t\t\t<\/div>\n\t\t\t\t\t<\/div>\n\t\t<\/div>\n\t\t\t\t<div data-dce-background-color=\"#FFFFFF\" class=\"elementor-column elementor-col-50 elementor-top-column elementor-element elementor-element-583e660\" data-id=\"583e660\" data-element_type=\"column\" data-settings=\"{&quot;background_background&quot;:&quot;classic&quot;}\">\n\t\t\t<div class=\"elementor-widget-wrap elementor-element-populated\">\n\t\t\t\t\t\t<div class=\"elementor-element elementor-element-f4994a5 elementor-widget elementor-widget-heading\" data-id=\"f4994a5\" data-element_type=\"widget\" data-widget_type=\"heading.default\">\n\t\t\t\t<div class=\"elementor-widget-container\">\n\t\t\t\t\t<h1 class=\"elementor-heading-title elementor-size-default\">Nahl\u00e9dn\u011bte do podsv\u011bt\u00ed marketingov\u00e9ho biz\u00e1ru<\/h1>\t\t\t\t<\/div>\n\t\t\t\t<\/div>\n\t\t\t\t<div class=\"elementor-element elementor-element-9d69572 elementor-widget elementor-widget-heading\" data-id=\"9d69572\" data-element_type=\"widget\" data-widget_type=\"heading.default\">\n\t\t\t\t<div class=\"elementor-widget-container\">\n\t\t\t\t\t<h2 class=\"elementor-heading-title elementor-size-default\">Vypl\u0148te dotazn\u00edk n\u00ed\u017ee, st\u00e1hn\u011bte si ebook a vyvarujte se chyb\u00e1m, kter\u00e9 vedou k bolestiv\u00e9mu n\u00e1boru nov\u00fdch zam\u011bstnanc\u016f.<\/h2>\t\t\t\t<\/div>\n\t\t\t\t<\/div>\n\t\t\t\t<div class=\"elementor-element elementor-element-8d1ff25 elementor-button-align-stretch elementor-widget elementor-widget-form\" data-id=\"8d1ff25\" data-element_type=\"widget\" data-settings=\"{&quot;step_next_label&quot;:&quot;Pokra\\u010dovat&quot;,&quot;step_previous_label&quot;:&quot;P\\u0159edchoz\\u00ed&quot;,&quot;button_width&quot;:&quot;100&quot;,&quot;step_type&quot;:&quot;number_text&quot;,&quot;step_icon_shape&quot;:&quot;circle&quot;}\" data-widget_type=\"form.default\">\n\t\t\t\t<div class=\"elementor-widget-container\">\n\t\t\t\t\t<div class=\"dce-conditions-js-error-notice elementor-message elementor-message-danger\" style=\"display: none;\">A problem was detected in the following Form. Submitting it could result in errors. Please contact the site administrator.<\/div>\t\t\t<script>\n\t\t\tsetTimeout(function() {\n\t\t\t\tlet el = document.querySelector(\".dce-conditions-js-error-notice\");\n\t\t\t\tif (el)\n\t\t\t\t\tel.style.display = \"block\";\n\t\t\t}, 6000);\n\t\t\t<\/script>\t\t<form class=\"elementor-form elementor-form-steps\" method=\"post\" name=\"Ebook\">\n\t\t\t<input type=\"hidden\" name=\"post_id\" value=\"2898\"\/>\n\t\t\t<input type=\"hidden\" name=\"form_id\" value=\"8d1ff25\"\/>\n\t\t\t<input type=\"hidden\" name=\"referer_title\" value=\"\" \/>\n\n\t\t\t\n\t\t\t<div data-field-conditions=\"[{&quot;id&quot;:&quot;field_25c4da2&quot;,&quot;condition&quot;:&quot;(field_0a5287b == &#039;Ano&#039;)&quot;,&quot;mode&quot;:&quot;show&quot;,&quot;disableOnly&quot;:false},{&quot;id&quot;:&quot;field_98a0520&quot;,&quot;condition&quot;:&quot;(field_f9c34ec == &#039;Jin\\u00e9&#039;)&quot;,&quot;mode&quot;:&quot;show&quot;,&quot;disableOnly&quot;:false}]\" data-field-ids=\"[&quot;field_91715e8&quot;,&quot;name&quot;,&quot;field_418471e&quot;,&quot;field_0a5287b&quot;,&quot;field_25c4da2&quot;,&quot;field_92ef301&quot;,&quot;field_f9c34ec&quot;,&quot;field_98a0520&quot;,&quot;field_cf722d4&quot;,&quot;field_2171962&quot;,&quot;field_14c6adf&quot;,&quot;field_572afac&quot;,&quot;field_6e73d1f&quot;,&quot;field_77f3a9b&quot;,&quot;field_ee51571&quot;,&quot;field_ab4018a&quot;]\" class=\"elementor-form-fields-wrapper elementor-labels-above\">\n\t\t\t\t\t\t\t\t<div class=\"elementor-field-type-step elementor-field-group elementor-column elementor-field-group-field_91715e8 elementor-col-100\">\n\t\t\t\t\t\t\t<div class=\"e-field-step elementor-hidden\" data-label=\"\" data-previousButton=\"P\u0159edchoz\u00ed\" data-nextButton=\"Pokra\u010dovat\" data-iconUrl=\"\" data-iconLibrary=\"fas fa-star\" data-icon=\"\" ><\/div>\n\n\t\t\t\t\t\t<\/div>\n\t\t\t\t\t\t\t\t<div class=\"elementor-field-type-radio elementor-field-group elementor-column elementor-field-group-name elementor-col-100 elementor-field-required\">\n\t\t\t\t\t\t\t\t\t\t\t\t<label for=\"form-field-name\" class=\"elementor-field-label\">\n\t\t\t\t\t\t\t\tJakou pr\u00e1ci d\u011bl\u00e1te?\t\t\t\t\t\t\t<\/label>\n\t\t\t\t\t\t<div class=\"elementor-field-subgroup  \"><span class=\"elementor-field-option\"><input type=\"radio\" value=\"Jsem majitel firmy nebo obchodn\u00ed \u0159editel\" id=\"form-field-name-0\" name=\"form_fields[name]\" required=\"required\"> <label for=\"form-field-name-0\">Jsem majitel firmy nebo obchodn\u00ed \u0159editel<\/label><\/span><span class=\"elementor-field-option\"><input type=\"radio\" value=\"D\u011bl\u00e1m marketing v agentu\u0159e\" id=\"form-field-name-1\" name=\"form_fields[name]\" required=\"required\"> <label for=\"form-field-name-1\">D\u011bl\u00e1m marketing v agentu\u0159e<\/label><\/span><span class=\"elementor-field-option\"><input type=\"radio\" value=\"D\u011bl\u00e1m marketing na voln\u00e9 noze\" id=\"form-field-name-2\" name=\"form_fields[name]\" required=\"required\"> <label for=\"form-field-name-2\">D\u011bl\u00e1m marketing na voln\u00e9 noze<\/label><\/span><span class=\"elementor-field-option\"><input type=\"radio\" value=\"Chci pro v\u00e1s pracovat\" id=\"form-field-name-3\" name=\"form_fields[name]\" required=\"required\"> <label for=\"form-field-name-3\">Chci pro v\u00e1s pracovat<\/label><\/span><span class=\"elementor-field-option\"><input type=\"radio\" value=\"D\u011bl\u00e1m HR\" id=\"form-field-name-4\" name=\"form_fields[name]\" required=\"required\"> <label for=\"form-field-name-4\">D\u011bl\u00e1m HR<\/label><\/span><\/div>\t\t\t\t<\/div>\n\t\t\t\t\t\t\t\t<div class=\"elementor-field-type-step elementor-field-group elementor-column elementor-field-group-field_418471e elementor-col-100\">\n\t\t\t\t\t\t\t<div class=\"e-field-step elementor-hidden\" data-label=\"\" data-previousButton=\"P\u0159edchoz\u00ed\" data-nextButton=\"Pokra\u010dovat\" data-iconUrl=\"\" data-iconLibrary=\"fas fa-star\" data-icon=\"\" ><\/div>\n\n\t\t\t\t\t\t<\/div>\n\t\t\t\t\t\t\t\t<div class=\"elementor-field-type-radio elementor-field-group elementor-column elementor-field-group-field_0a5287b elementor-col-100 elementor-field-required\">\n\t\t\t\t\t\t\t\t\t\t\t\t<label for=\"form-field-field_0a5287b\" class=\"elementor-field-label\">\n\t\t\t\t\t\t\t\tPokud bychom V\u00e1m dok\u00e1zali obsadit specializovanou pozici za 20 - 40 000 K\u010d \/ n\u00e1stup, zva\u017eovali byste n\u00e1borovou kampa\u0148?\t\t\t\t\t\t\t<\/label>\n\t\t\t\t\t\t<div class=\"elementor-field-subgroup  \"><span class=\"elementor-field-option\"><input type=\"radio\" value=\"Ano\" id=\"form-field-field_0a5287b-0\" name=\"form_fields[field_0a5287b]\" required=\"required\"> <label for=\"form-field-field_0a5287b-0\">Ano<\/label><\/span><span class=\"elementor-field-option\"><input type=\"radio\" value=\"Ne, um\u00edme to za m\u00e9n\u011b ne\u017e 20 000 K\u010d \/ n\u00e1stup\" id=\"form-field-field_0a5287b-1\" name=\"form_fields[field_0a5287b]\" required=\"required\"> <label for=\"form-field-field_0a5287b-1\">Ne, um\u00edme to za m\u00e9n\u011b ne\u017e 20 000 K\u010d \/ n\u00e1stup<\/label><\/span><span class=\"elementor-field-option\"><input type=\"radio\" value=\"Nem\u00e1me pot\u0159ebu\" id=\"form-field-field_0a5287b-2\" name=\"form_fields[field_0a5287b]\" required=\"required\"> <label for=\"form-field-field_0a5287b-2\">Nem\u00e1me pot\u0159ebu<\/label><\/span><\/div>\t\t\t\t<\/div>\n\t\t\t\t\t\t\t\t<div class=\"elementor-field-type-text elementor-field-group elementor-column elementor-field-group-field_25c4da2 elementor-col-100 elementor-field-required\">\n\t\t\t\t\t\t\t\t\t\t\t\t<label for=\"form-field-field_25c4da2\" class=\"elementor-field-label\">\n\t\t\t\t\t\t\t\tKolik lid\u00ed pot\u0159ebujete nabrat?\t\t\t\t\t\t\t<\/label>\n\t\t\t\t\t\t\t\t\t\t\t\t\t\t<input size=\"1\" type=\"text\" name=\"form_fields[field_25c4da2]\" id=\"form-field-field_25c4da2\" class=\"elementor-field elementor-size-sm  elementor-field-textual\" required=\"required\">\n\t\t\t\t\t\t\t\t\t\t\t<\/div>\n\t\t\t\t\t\t\t\t<div class=\"elementor-field-type-step elementor-field-group elementor-column elementor-field-group-field_92ef301 elementor-col-100\">\n\t\t\t\t\t\t\t<div class=\"e-field-step elementor-hidden\" data-label=\"\" data-previousButton=\"P\u0159edchoz\u00ed\" data-nextButton=\"Pokra\u010dovat\" data-iconUrl=\"\" data-iconLibrary=\"fas fa-star\" data-icon=\"\" ><\/div>\n\n\t\t\t\t\t\t<\/div>\n\t\t\t\t\t\t\t\t<div class=\"elementor-field-type-radio elementor-field-group elementor-column elementor-field-group-field_f9c34ec elementor-col-100 elementor-field-required\">\n\t\t\t\t\t\t\t\t\t\t\t\t<label for=\"form-field-field_f9c34ec\" class=\"elementor-field-label\">\n\t\t\t\t\t\t\t\tJak jste se o n\u00e1s dozv\u011bd\u011bli?\t\t\t\t\t\t\t<\/label>\n\t\t\t\t\t\t<div class=\"elementor-field-subgroup  \"><span class=\"elementor-field-option\"><input type=\"radio\" value=\"Doporu\u010den\u00ed\" id=\"form-field-field_f9c34ec-0\" name=\"form_fields[field_f9c34ec]\" required=\"required\"> <label for=\"form-field-field_f9c34ec-0\">Doporu\u010den\u00ed<\/label><\/span><span class=\"elementor-field-option\"><input type=\"radio\" value=\"\u010cl\u00e1nek, event nebo podcast\" id=\"form-field-field_f9c34ec-1\" name=\"form_fields[field_f9c34ec]\" required=\"required\"> <label for=\"form-field-field_f9c34ec-1\">\u010cl\u00e1nek, event nebo podcast<\/label><\/span><span class=\"elementor-field-option\"><input type=\"radio\" value=\"Reklama na Facebooku\" id=\"form-field-field_f9c34ec-2\" name=\"form_fields[field_f9c34ec]\" required=\"required\"> <label for=\"form-field-field_f9c34ec-2\">Reklama na Facebooku<\/label><\/span><span class=\"elementor-field-option\"><input type=\"radio\" value=\"LinkedIn\" id=\"form-field-field_f9c34ec-3\" name=\"form_fields[field_f9c34ec]\" required=\"required\"> <label for=\"form-field-field_f9c34ec-3\">LinkedIn<\/label><\/span><span class=\"elementor-field-option\"><input type=\"radio\" value=\"Vyhled\u00e1v\u00e1n\u00ed (Seznam, Google)\" id=\"form-field-field_f9c34ec-4\" name=\"form_fields[field_f9c34ec]\" required=\"required\"> <label for=\"form-field-field_f9c34ec-4\">Vyhled\u00e1v\u00e1n\u00ed (Seznam, Google)<\/label><\/span><\/div>\t\t\t\t<\/div>\n\t\t\t\t\t\t\t\t<div class=\"elementor-field-type-text elementor-field-group elementor-column elementor-field-group-field_98a0520 elementor-col-100 elementor-field-required\">\n\t\t\t\t\t\t\t\t\t\t\t\t<label for=\"form-field-field_98a0520\" class=\"elementor-field-label\">\n\t\t\t\t\t\t\t\tPros\u00edm uve\u010fte\t\t\t\t\t\t\t<\/label>\n\t\t\t\t\t\t\t\t\t\t\t\t\t\t<input size=\"1\" type=\"text\" name=\"form_fields[field_98a0520]\" id=\"form-field-field_98a0520\" class=\"elementor-field elementor-size-sm  elementor-field-textual\" required=\"required\">\n\t\t\t\t\t\t\t\t\t\t\t<\/div>\n\t\t\t\t\t\t\t\t<div class=\"elementor-field-type-step elementor-field-group elementor-column elementor-field-group-field_cf722d4 elementor-col-100\">\n\t\t\t\t\t\t\t<div class=\"e-field-step elementor-hidden\" data-label=\"\" data-previousButton=\"P\u0159edchoz\u00ed\" data-nextButton=\"Pokra\u010dovat\" data-iconUrl=\"\" data-iconLibrary=\"fas fa-star\" data-icon=\"\" ><\/div>\n\n\t\t\t\t\t\t<\/div>\n\t\t\t\t\t\t\t\t<div class=\"elementor-field-type-text elementor-field-group elementor-column elementor-field-group-field_2171962 elementor-col-100 elementor-field-required\">\n\t\t\t\t\t\t\t\t\t\t\t\t<label for=\"form-field-field_2171962\" class=\"elementor-field-label\">\n\t\t\t\t\t\t\t\tV jak\u00e9 spole\u010dnosti p\u016fsob\u00edte?\t\t\t\t\t\t\t<\/label>\n\t\t\t\t\t\t\t\t\t\t\t\t\t\t<input size=\"1\" type=\"text\" name=\"form_fields[field_2171962]\" id=\"form-field-field_2171962\" class=\"elementor-field elementor-size-sm  elementor-field-textual\" placeholder=\"Zde napi\u0161te odpov\u011b\u010f\" required=\"required\">\n\t\t\t\t\t\t\t\t\t\t\t<\/div>\n\t\t\t\t\t\t\t\t<div class=\"elementor-field-type-step elementor-field-group elementor-column elementor-field-group-field_14c6adf elementor-col-100\">\n\t\t\t\t\t\t\t<div class=\"e-field-step elementor-hidden\" data-label=\"\" data-previousButton=\"P\u0159edchoz\u00ed\" data-nextButton=\"Pokra\u010dovat\" data-iconUrl=\"\" data-iconLibrary=\"fas fa-star\" data-icon=\"\" ><\/div>\n\n\t\t\t\t\t\t<\/div>\n\t\t\t\t\t\t\t\t<div class=\"elementor-field-type-text elementor-field-group elementor-column elementor-field-group-field_572afac elementor-col-100 elementor-field-required\">\n\t\t\t\t\t\t\t\t\t\t\t\t<label for=\"form-field-field_572afac\" class=\"elementor-field-label\">\n\t\t\t\t\t\t\t\tJm\u00e9no a p\u0159\u00edjmen\u00ed\t\t\t\t\t\t\t<\/label>\n\t\t\t\t\t\t\t\t\t\t\t\t\t\t<input size=\"1\" type=\"text\" name=\"form_fields[field_572afac]\" id=\"form-field-field_572afac\" class=\"elementor-field elementor-size-sm  elementor-field-textual\" required=\"required\">\n\t\t\t\t\t\t\t\t\t\t\t<\/div>\n\t\t\t\t\t\t\t\t<div class=\"elementor-field-type-email elementor-field-group elementor-column elementor-field-group-field_6e73d1f elementor-col-50 elementor-field-required\">\n\t\t\t\t\t\t\t\t\t\t\t\t<label for=\"form-field-field_6e73d1f\" class=\"elementor-field-label\">\n\t\t\t\t\t\t\t\tE-mail\t\t\t\t\t\t\t<\/label>\n\t\t\t\t\t\t\t\t\t\t\t\t\t\t<input size=\"1\" type=\"email\" name=\"form_fields[field_6e73d1f]\" id=\"form-field-field_6e73d1f\" class=\"elementor-field elementor-size-sm  elementor-field-textual\" required=\"required\">\n\t\t\t\t\t\t\t\t\t\t\t<\/div>\n\t\t\t\t\t\t\t\t<div class=\"elementor-field-type-tel elementor-field-group elementor-column elementor-field-group-field_77f3a9b elementor-col-50 elementor-field-required\">\n\t\t\t\t\t\t\t\t\t\t\t\t<label for=\"form-field-field_77f3a9b\" class=\"elementor-field-label\">\n\t\t\t\t\t\t\t\tTel. \u010d\u00edslo\t\t\t\t\t\t\t<\/label>\n\t\t\t\t\t\t\t\t<input size=\"1\" type=\"tel\" name=\"form_fields[field_77f3a9b]\" id=\"form-field-field_77f3a9b\" class=\"elementor-field elementor-size-sm  elementor-field-textual\" required=\"required\" pattern=\"[0-9()#&amp;+*-=.]+\" title=\"Only numbers and phone characters (#, -, *, etc) are accepted.\">\n\n\t\t\t\t\t\t<\/div>\n\t\t\t\t\t\t\t\t<div class=\"elementor-field-type-acceptance elementor-field-group elementor-column elementor-field-group-field_ee51571 elementor-col-100 elementor-field-required\">\n\t\t\t\t\t\t\t<div class=\"elementor-field-subgroup\">\n\t\t\t<span class=\"elementor-field-option\">\n\t\t\t\t<input type=\"checkbox\" name=\"form_fields[field_ee51571]\" id=\"form-field-field_ee51571\" class=\"elementor-field elementor-size-sm  elementor-acceptance-field\" required=\"required\">\n\t\t\t\t<label for=\"form-field-field_ee51571\">Souhlas se zpracov\u00e1n\u00edm osobn\u00edch \u00fadaj\u016f pro marketingov\u00e9 \u00fa\u010dely a zas\u00edl\u00e1n\u00ed obchodn\u00edch sd\u011blen\u00ed<\/label>\t\t\t<\/span>\n\t\t<\/div>\n\t\t\t\t\t\t<\/div>\n\t\t\t\t\t\t\t\t<div class=\"elementor-field-type-recaptcha_v3 elementor-field-group elementor-column elementor-field-group-field_ab4018a elementor-col-100 recaptcha_v3-bottomright\">\n\t\t\t\t\t<div class=\"elementor-field\" id=\"form-field-field_ab4018a\"><div class=\"elementor-g-recaptcha\" data-sitekey=\"6LcncbgpAAAAAO1RVxMUvDAH1SkUSQYnjT6Qxxz9\" data-type=\"v3\" data-action=\"Form\" data-badge=\"bottomright\" data-size=\"invisible\"><\/div><\/div>\t\t\t\t<\/div>\n\t\t\t\t\t\t\t\t<div class=\"elementor-field-group elementor-column elementor-field-type-submit elementor-col-100 e-form__buttons\">\n\t\t\t\t\t<button class=\"elementor-button elementor-size-sm\" type=\"submit\">\n\t\t\t\t\t\t<span class=\"elementor-button-content-wrapper\">\n\t\t\t\t\t\t\t\t\t\t\t\t\t\t\t\t\t\t\t\t\t\t<span class=\"elementor-button-text\">Odeslat a st\u00e1hnout<\/span>\n\t\t\t\t\t\t\t\t\t\t\t\t\t<\/span>\n\t\t\t\t\t<\/button>\n\t\t\t\t<\/div>\n\t\t\t<\/div>\n\t\t<\/form>\n\t\t\t\t\t\t<\/div>\n\t\t\t\t<\/div>\n\t\t\t\t\t<\/div>\n\t\t<\/div>\n\t\t\t\t\t<\/div>\n\t\t<\/section>\n\t\t\t\t<\/div>\n\t\t","protected":false},"excerpt":{"rendered":"<p>Nahl\u00e9dn\u011bte do podsv\u011bt\u00ed marketingov\u00e9ho biz\u00e1ru Vypl\u0148te dotazn\u00edk n\u00ed\u017ee, st\u00e1hn\u011bte si ebook a vyvarujte se chyb\u00e1m, kter\u00e9 vedou k bolestiv\u00e9mu n\u00e1boru nov\u00fdch zam\u011bstnanc\u016f.<\/p>\n","protected":false},"author":2,"featured_media":2565,"parent":0,"menu_order":0,"comment_status":"closed","ping_status":"closed","template":"elementor_canvas","meta":{"_acf_changed":false,"footnotes":""},"class_list":["post-2898","page","type-page","status-publish","has-post-thumbnail","hentry"],"acf":[],"_links":{"self":[{"href":"https:\/\/old.prodator.cz\/domains\/old.prodator.cz\/wp-json\/wp\/v2\/pages\/2898","targetHints":{"allow":["GET"]}}],"collection":[{"href":"https:\/\/old.prodator.cz\/domains\/old.prodator.cz\/wp-json\/wp\/v2\/pages"}],"about":[{"href":"https:\/\/old.prodator.cz\/domains\/old.prodator.cz\/wp-json\/wp\/v2\/types\/page"}],"author":[{"embeddable":true,"href":"https:\/\/old.prodator.cz\/domains\/old.prodator.cz\/wp-json\/wp\/v2\/users\/2"}],"replies":[{"embeddable":true,"href":"https:\/\/old.prodator.cz\/domains\/old.prodator.cz\/wp-json\/wp\/v2\/comments?post=2898"}],"version-history":[{"count":0,"href":"https:\/\/old.prodator.cz\/domains\/old.prodator.cz\/wp-json\/wp\/v2\/pages\/2898\/revisions"}],"wp:featuredmedia":[{"embeddable":true,"href":"https:\/\/old.prodator.cz\/domains\/old.prodator.cz\/wp-json\/wp\/v2\/media\/2565"}],"wp:attachment":[{"href":"https:\/\/old.prodator.cz\/domains\/old.prodator.cz\/wp-json\/wp\/v2\/media?parent=2898"}],"curies":[{"name":"wp","href":"https:\/\/api.w.org\/{rel}","templated":true}]}}